{"id":246,"date":"2021-08-22T17:36:43","date_gmt":"2021-08-22T17:36:43","guid":{"rendered":"https:\/\/conferencias.carpa.com\/fr\/?page_id=246"},"modified":"2021-08-22T18:42:41","modified_gmt":"2021-08-22T18:42:41","slug":"recherche-avancee","status":"publish","type":"page","link":"https:\/\/conferenciaswp.carpa.com\/fr\/recherche-avancee\/","title":{"rendered":"Recherche Avanc\u00e9e"},"content":{"rendered":"<p>Recherche dans le titre<br \/>\n\t\t\t\t\t\t\t\t\tRechercher dans le contenu<br \/>\n\t\t\t\t\t\t\t\t\tRecherche dans le titre<\/p>\n<form id=\"titlesearch\"><input id=\"query\" name=\"query\" type=\"text\" value=\"\" placeholder=\"Recherche...\" \/><\/form>\n<p>\t\t\t\t\t\t\t\t\tRechercher dans le contenu<\/p>\n<form id=\"contentsearch\"><input id=\"contentquery\" name=\"contentquery\" type=\"text\" value=\"\" placeholder=\"Recherche...\" \/><\/form>\n<p>Escribir al menos 4 caracteres.<\/p>\n<ul>\n<li>\n\t\t\t\t\t\t\t\t\t\tElemento de lista n\u00ba1\n\t\t\t\t\t\t\t\t\t<\/li>\n<li>\n\t\t\t\t\t\t\t\t\t\tElemento de lista n\u00ba2\n\t\t\t\t\t\t\t\t\t<\/li>\n<li>\n\t\t\t\t\t\t\t\t\t\tElemento de lista n\u00ba3\n\t\t\t\t\t\t\t\t\t<\/li>\n<\/ul>\n","protected":false},"excerpt":{"rendered":"<p>Recherche dans le titre Rechercher dans le contenu Recherche dans le titre Rechercher dans le contenu Escribir al menos 4 &hellip;<\/p>\n<p class=\"read-more\"> <a class=\"\" href=\"https:\/\/conferenciaswp.carpa.com\/fr\/recherche-avancee\/\"> <span class=\"screen-reader-text\">Recherche Avanc\u00e9e<\/span> Read More \u00bb<\/a><\/p>\n","protected":false},"author":1,"featured_media":0,"parent":0,"menu_order":0,"comment_status":"closed","ping_status":"closed","template":"","meta":{"site-sidebar-layout":"no-sidebar","site-content-layout":"page-builder","ast-global-header-display":"","ast-main-header-display":"","ast-hfb-above-header-display":"","ast-hfb-below-header-display":"","ast-hfb-mobile-header-display":"","site-post-title":"disabled","ast-breadcrumbs-content":"","ast-featured-img":"disabled","footer-sml-layout":"","theme-transparent-header-meta":"default","adv-header-id-meta":"","stick-header-meta":"default","header-above-stick-meta":"","header-main-stick-meta":"","header-below-stick-meta":""},"acf":[],"yoast_head":"<!-- This site is optimized with the Yoast SEO plugin v20.5 - https:\/\/yoast.com\/wordpress\/plugins\/seo\/ -->\n<title>Recherche Avanc\u00e9e - Conf\u00e9rences<\/title>\n<meta name=\"robots\" content=\"index, follow, max-snippet:-1, max-image-preview:large, max-video-preview:-1\" \/>\n<link rel=\"canonical\" href=\"https:\/\/conferenciaswp.carpa.com\/fr\/recherche-avancee\/\" \/>\n<meta property=\"og:locale\" content=\"fr_FR\" \/>\n<meta property=\"og:type\" content=\"article\" \/>\n<meta property=\"og:title\" content=\"Recherche Avanc\u00e9e - Conf\u00e9rences\" \/>\n<meta property=\"og:description\" content=\"Recherche dans le titre Rechercher dans le contenu Recherche dans le titre Rechercher dans le contenu Escribir al menos 4 &hellip; Recherche Avanc\u00e9e Read More \u00bb\" \/>\n<meta property=\"og:url\" content=\"https:\/\/conferenciaswp.carpa.com\/fr\/recherche-avancee\/\" \/>\n<meta property=\"og:site_name\" content=\"Conf\u00e9rences\" \/>\n<meta property=\"article:modified_time\" content=\"2021-08-22T18:42:41+00:00\" \/>\n<meta name=\"twitter:card\" content=\"summary_large_image\" \/>\n<meta name=\"twitter:label1\" content=\"Dur\u00e9e de lecture estim\u00e9e\" \/>\n\t<meta name=\"twitter:data1\" content=\"1 minute\" \/>\n<script type=\"application\/ld+json\" class=\"yoast-schema-graph\">{\"@context\":\"https:\/\/schema.org\",\"@graph\":[{\"@type\":\"WebPage\",\"@id\":\"https:\/\/conferenciaswp.carpa.com\/fr\/recherche-avancee\/\",\"url\":\"https:\/\/conferenciaswp.carpa.com\/fr\/recherche-avancee\/\",\"name\":\"Recherche Avanc\u00e9e - Conf\u00e9rences\",\"isPartOf\":{\"@id\":\"https:\/\/conferenciaswp.carpa.com\/fr\/#website\"},\"datePublished\":\"2021-08-22T17:36:43+00:00\",\"dateModified\":\"2021-08-22T18:42:41+00:00\",\"breadcrumb\":{\"@id\":\"https:\/\/conferenciaswp.carpa.com\/fr\/recherche-avancee\/#breadcrumb\"},\"inLanguage\":\"fr-FR\",\"potentialAction\":[{\"@type\":\"ReadAction\",\"target\":[\"https:\/\/conferenciaswp.carpa.com\/fr\/recherche-avancee\/\"]}]},{\"@type\":\"BreadcrumbList\",\"@id\":\"https:\/\/conferenciaswp.carpa.com\/fr\/recherche-avancee\/#breadcrumb\",\"itemListElement\":[{\"@type\":\"ListItem\",\"position\":1,\"name\":\"Home\",\"item\":\"https:\/\/conferenciaswp.carpa.com\/fr\/\"},{\"@type\":\"ListItem\",\"position\":2,\"name\":\"Recherche Avanc\u00e9e\"}]},{\"@type\":\"WebSite\",\"@id\":\"https:\/\/conferenciaswp.carpa.com\/fr\/#website\",\"url\":\"https:\/\/conferenciaswp.carpa.com\/fr\/\",\"name\":\"Conf\u00e9rences\",\"description\":\"La Gran Carpa Catedral Corp.\",\"publisher\":{\"@id\":\"https:\/\/conferenciaswp.carpa.com\/fr\/#organization\"},\"potentialAction\":[{\"@type\":\"SearchAction\",\"target\":{\"@type\":\"EntryPoint\",\"urlTemplate\":\"https:\/\/conferenciaswp.carpa.com\/fr\/?s={search_term_string}\"},\"query-input\":\"required name=search_term_string\"}],\"inLanguage\":\"fr-FR\"},{\"@type\":\"Organization\",\"@id\":\"https:\/\/conferenciaswp.carpa.com\/fr\/#organization\",\"name\":\"Conf\u00e9rences\",\"url\":\"https:\/\/conferenciaswp.carpa.com\/fr\/\",\"logo\":{\"@type\":\"ImageObject\",\"inLanguage\":\"fr-FR\",\"@id\":\"https:\/\/conferenciaswp.carpa.com\/fr\/#\/schema\/logo\/image\/\",\"url\":\"https:\/\/ewr1.vultrobjects.com\/lgcc-conferences\/2021\/08\/lgccc_logo.png\",\"contentUrl\":\"https:\/\/ewr1.vultrobjects.com\/lgcc-conferences\/2021\/08\/lgccc_logo.png\",\"width\":230,\"height\":44,\"caption\":\"Conf\u00e9rences\"},\"image\":{\"@id\":\"https:\/\/conferenciaswp.carpa.com\/fr\/#\/schema\/logo\/image\/\"}}]}<\/script>\n<!-- \/ Yoast SEO plugin. -->","yoast_head_json":{"title":"Recherche Avanc\u00e9e - Conf\u00e9rences","robots":{"index":"index","follow":"follow","max-snippet":"max-snippet:-1","max-image-preview":"max-image-preview:large","max-video-preview":"max-video-preview:-1"},"canonical":"https:\/\/conferenciaswp.carpa.com\/fr\/recherche-avancee\/","og_locale":"fr_FR","og_type":"article","og_title":"Recherche Avanc\u00e9e - Conf\u00e9rences","og_description":"Recherche dans le titre Rechercher dans le contenu Recherche dans le titre Rechercher dans le contenu Escribir al menos 4 &hellip; Recherche Avanc\u00e9e Read More \u00bb","og_url":"https:\/\/conferenciaswp.carpa.com\/fr\/recherche-avancee\/","og_site_name":"Conf\u00e9rences","article_modified_time":"2021-08-22T18:42:41+00:00","twitter_card":"summary_large_image","twitter_misc":{"Dur\u00e9e de lecture estim\u00e9e":"1 minute"},"schema":{"@context":"https:\/\/schema.org","@graph":[{"@type":"WebPage","@id":"https:\/\/conferenciaswp.carpa.com\/fr\/recherche-avancee\/","url":"https:\/\/conferenciaswp.carpa.com\/fr\/recherche-avancee\/","name":"Recherche Avanc\u00e9e - Conf\u00e9rences","isPartOf":{"@id":"https:\/\/conferenciaswp.carpa.com\/fr\/#website"},"datePublished":"2021-08-22T17:36:43+00:00","dateModified":"2021-08-22T18:42:41+00:00","breadcrumb":{"@id":"https:\/\/conferenciaswp.carpa.com\/fr\/recherche-avancee\/#breadcrumb"},"inLanguage":"fr-FR","potentialAction":[{"@type":"ReadAction","target":["https:\/\/conferenciaswp.carpa.com\/fr\/recherche-avancee\/"]}]},{"@type":"BreadcrumbList","@id":"https:\/\/conferenciaswp.carpa.com\/fr\/recherche-avancee\/#breadcrumb","itemListElement":[{"@type":"ListItem","position":1,"name":"Home","item":"https:\/\/conferenciaswp.carpa.com\/fr\/"},{"@type":"ListItem","position":2,"name":"Recherche Avanc\u00e9e"}]},{"@type":"WebSite","@id":"https:\/\/conferenciaswp.carpa.com\/fr\/#website","url":"https:\/\/conferenciaswp.carpa.com\/fr\/","name":"Conf\u00e9rences","description":"La Gran Carpa Catedral Corp.","publisher":{"@id":"https:\/\/conferenciaswp.carpa.com\/fr\/#organization"},"potentialAction":[{"@type":"SearchAction","target":{"@type":"EntryPoint","urlTemplate":"https:\/\/conferenciaswp.carpa.com\/fr\/?s={search_term_string}"},"query-input":"required name=search_term_string"}],"inLanguage":"fr-FR"},{"@type":"Organization","@id":"https:\/\/conferenciaswp.carpa.com\/fr\/#organization","name":"Conf\u00e9rences","url":"https:\/\/conferenciaswp.carpa.com\/fr\/","logo":{"@type":"ImageObject","inLanguage":"fr-FR","@id":"https:\/\/conferenciaswp.carpa.com\/fr\/#\/schema\/logo\/image\/","url":"https:\/\/ewr1.vultrobjects.com\/lgcc-conferences\/2021\/08\/lgccc_logo.png","contentUrl":"https:\/\/ewr1.vultrobjects.com\/lgcc-conferences\/2021\/08\/lgccc_logo.png","width":230,"height":44,"caption":"Conf\u00e9rences"},"image":{"@id":"https:\/\/conferenciaswp.carpa.com\/fr\/#\/schema\/logo\/image\/"}}]}},"_links":{"self":[{"href":"https:\/\/conferenciaswp.carpa.com\/fr\/wp-json\/wp\/v2\/pages\/246"}],"collection":[{"href":"https:\/\/conferenciaswp.carpa.com\/fr\/wp-json\/wp\/v2\/pages"}],"about":[{"href":"https:\/\/conferenciaswp.carpa.com\/fr\/wp-json\/wp\/v2\/types\/page"}],"author":[{"embeddable":true,"href":"https:\/\/conferenciaswp.carpa.com\/fr\/wp-json\/wp\/v2\/users\/1"}],"replies":[{"embeddable":true,"href":"https:\/\/conferenciaswp.carpa.com\/fr\/wp-json\/wp\/v2\/comments?post=246"}],"version-history":[{"count":7,"href":"https:\/\/conferenciaswp.carpa.com\/fr\/wp-json\/wp\/v2\/pages\/246\/revisions"}],"predecessor-version":[{"id":256,"href":"https:\/\/conferenciaswp.carpa.com\/fr\/wp-json\/wp\/v2\/pages\/246\/revisions\/256"}],"wp:attachment":[{"href":"https:\/\/conferenciaswp.carpa.com\/fr\/wp-json\/wp\/v2\/media?parent=246"}],"curies":[{"name":"wp","href":"https:\/\/api.w.org\/{rel}","templated":true}]}}