{"id":663,"date":"2021-08-22T17:40:48","date_gmt":"2021-08-22T17:40:48","guid":{"rendered":"https:\/\/conferencias.carpa.com\/pt-br\/?page_id=663"},"modified":"2021-08-22T18:56:23","modified_gmt":"2021-08-22T18:56:23","slug":"busca-avancada","status":"publish","type":"page","link":"https:\/\/conferenciaswp.carpa.com\/pt-br\/busca-avancada\/","title":{"rendered":"Busca Avan\u00e7ada"},"content":{"rendered":"<p>Busca no t\u00edtulo<br \/>\n\t\t\t\t\t\t\t\t\tBusca en conte\u00fado<br \/>\n\t\t\t\t\t\t\t\t\tBusca no t\u00edtulo<\/p>\n<form id=\"titlesearch\"><input id=\"query\" name=\"query\" type=\"text\" value=\"\" placeholder=\"Busca...\" \/><\/form>\n<p>\t\t\t\t\t\t\t\t\tBusca en conte\u00fado<\/p>\n<form id=\"contentsearch\"><input id=\"contentquery\" name=\"contentquery\" type=\"text\" value=\"\" placeholder=\"Busca...\" \/><\/form>\n<p>Digite pelo menos 4 caracteres.<\/p>\n<ul>\n<li>\n\t\t\t\t\t\t\t\t\t\tElemento de lista n\u00ba1\n\t\t\t\t\t\t\t\t\t<\/li>\n<li>\n\t\t\t\t\t\t\t\t\t\tElemento de lista n\u00ba2\n\t\t\t\t\t\t\t\t\t<\/li>\n<li>\n\t\t\t\t\t\t\t\t\t\tElemento de lista n\u00ba3\n\t\t\t\t\t\t\t\t\t<\/li>\n<\/ul>\n","protected":false},"excerpt":{"rendered":"<p>Busca no t\u00edtulo Busca en conte\u00fado Busca no t\u00edtulo Busca en conte\u00fado Digite pelo menos 4 caracteres. Elemento de lista &hellip;<\/p>\n<p class=\"read-more\"> <a class=\"\" href=\"https:\/\/conferenciaswp.carpa.com\/pt-br\/busca-avancada\/\"> <span class=\"screen-reader-text\">Busca Avan\u00e7ada<\/span> Read More \u00bb<\/a><\/p>\n","protected":false},"author":1,"featured_media":0,"parent":0,"menu_order":0,"comment_status":"closed","ping_status":"closed","template":"","meta":{"site-sidebar-layout":"no-sidebar","site-content-layout":"page-builder","ast-global-header-display":"","ast-main-header-display":"","ast-hfb-above-header-display":"","ast-hfb-below-header-display":"","ast-hfb-mobile-header-display":"","site-post-title":"disabled","ast-breadcrumbs-content":"","ast-featured-img":"disabled","footer-sml-layout":"","theme-transparent-header-meta":"default","adv-header-id-meta":"","stick-header-meta":"default","header-above-stick-meta":"","header-main-stick-meta":"","header-below-stick-meta":""},"acf":[],"_links":{"self":[{"href":"https:\/\/conferenciaswp.carpa.com\/pt-br\/wp-json\/wp\/v2\/pages\/663"}],"collection":[{"href":"https:\/\/conferenciaswp.carpa.com\/pt-br\/wp-json\/wp\/v2\/pages"}],"about":[{"href":"https:\/\/conferenciaswp.carpa.com\/pt-br\/wp-json\/wp\/v2\/types\/page"}],"author":[{"embeddable":true,"href":"https:\/\/conferenciaswp.carpa.com\/pt-br\/wp-json\/wp\/v2\/users\/1"}],"replies":[{"embeddable":true,"href":"https:\/\/conferenciaswp.carpa.com\/pt-br\/wp-json\/wp\/v2\/comments?post=663"}],"version-history":[{"count":10,"href":"https:\/\/conferenciaswp.carpa.com\/pt-br\/wp-json\/wp\/v2\/pages\/663\/revisions"}],"predecessor-version":[{"id":676,"href":"https:\/\/conferenciaswp.carpa.com\/pt-br\/wp-json\/wp\/v2\/pages\/663\/revisions\/676"}],"wp:attachment":[{"href":"https:\/\/conferenciaswp.carpa.com\/pt-br\/wp-json\/wp\/v2\/media?parent=663"}],"curies":[{"name":"wp","href":"https:\/\/api.w.org\/{rel}","templated":true}]}}